{"id":57,"date":"2022-10-04T16:01:50","date_gmt":"2022-10-04T14:01:50","guid":{"rendered":"http:\/\/www.dmtechnology.fr\/?page_id=57"},"modified":"2024-09-02T11:49:33","modified_gmt":"2024-09-02T09:49:33","slug":"notre-expertise","status":"publish","type":"page","link":"https:\/\/www.dmtechnology.fr\/en\/notre-expertise\/","title":{"rendered":"Our expertise"},"content":{"rendered":"<div data-elementor-type=\"wp-page\" data-elementor-id=\"57\" class=\"elementor elementor-57\">\n\t\t\t\t\t\t<section class=\"elementor-section elementor-top-section elementor-element elementor-element-55ea4e2f elementor-section-boxed elementor-section-height-default elementor-section-height-default\" data-id=\"55ea4e2f\" data-element_type=\"section\" data-settings=\"{&quot;background_background&quot;:&quot;classic&quot;,&quot;background_motion_fx_motion_fx_scrolling&quot;:&quot;yes&quot;,&quot;background_motion_fx_scale_effect&quot;:&quot;yes&quot;,&quot;background_motion_fx_scale_speed&quot;:{&quot;unit&quot;:&quot;px&quot;,&quot;size&quot;:2,&quot;sizes&quot;:[]},&quot;background_motion_fx_devices&quot;:[&quot;desktop&quot;,&quot;tablet&quot;],&quot;background_motion_fx_scale_direction&quot;:&quot;out-in&quot;,&quot;background_motion_fx_scale_range&quot;:{&quot;unit&quot;:&quot;%&quot;,&quot;size&quot;:&quot;&quot;,&quot;sizes&quot;:{&quot;start&quot;:20,&quot;end&quot;:80}}}\">\n\t\t\t\t\t\t\t<div class=\"elementor-background-overlay\"><\/div>\n\t\t\t\t\t\t\t<div class=\"elementor-container elementor-column-gap-default\">\n\t\t\t\t\t<div class=\"elementor-column elementor-col-100 elementor-top-column elementor-element elementor-element-1232c3b2 elementor-invisible\" data-id=\"1232c3b2\" data-element_type=\"column\" data-settings=\"{&quot;animation&quot;:&quot;fadeInUp&quot;}\">\n\t\t\t<div class=\"elementor-widget-wrap elementor-element-populated\">\n\t\t\t\t\t\t\t<\/div>\n\t\t<\/div>\n\t\t\t\t\t<\/div>\n\t\t<\/section>\n\t\t\t\t<section class=\"elementor-section elementor-top-section elementor-element elementor-element-a9c7a8f elementor-section-boxed elementor-section-height-default elementor-section-height-default\" data-id=\"a9c7a8f\" data-element_type=\"section\" data-settings=\"{&quot;background_background&quot;:&quot;classic&quot;}\">\n\t\t\t\t\t\t<div class=\"elementor-container elementor-column-gap-default\">\n\t\t\t\t\t<div class=\"elementor-column elementor-col-100 elementor-top-column elementor-element elementor-element-1c6813f\" data-id=\"1c6813f\" data-element_type=\"column\">\n\t\t\t<div class=\"elementor-widget-wrap elementor-element-populated\">\n\t\t\t\t\t\t<section class=\"elementor-section elementor-inner-section elementor-element elementor-element-219f168 elementor-reverse-mobile elementor-section-boxed elementor-section-height-default elementor-section-height-default\" data-id=\"219f168\" data-element_type=\"section\" id=\"servicesnow\">\n\t\t\t\t\t\t<div class=\"elementor-container elementor-column-gap-default\">\n\t\t\t\t\t<div class=\"elementor-column elementor-col-50 elementor-inner-column elementor-element elementor-element-12369b5\" data-id=\"12369b5\" data-element_type=\"column\">\n\t\t\t<div class=\"elementor-widget-wrap elementor-element-populated\">\n\t\t\t\t\t\t<div class=\"elementor-element elementor-element-573bc2c animated-fast elementor-invisible elementor-widget elementor-widget-heading\" data-id=\"573bc2c\" data-element_type=\"widget\" data-settings=\"{&quot;_animation&quot;:&quot;fadeInUp&quot;,&quot;_animation_delay&quot;:100}\" data-widget_type=\"heading.default\">\n\t\t\t\t<div class=\"elementor-widget-container\">\n\t\t\t<h2 class=\"elementor-heading-title elementor-size-default\">ServiceNow<\/h2>\t\t<\/div>\n\t\t\t\t<\/div>\n\t\t\t\t<div class=\"elementor-element elementor-element-12a432a animated-fast elementor-invisible elementor-widget elementor-widget-text-editor\" data-id=\"12a432a\" data-element_type=\"widget\" data-settings=\"{&quot;_animation&quot;:&quot;fadeInUp&quot;,&quot;_animation_delay&quot;:100}\" data-widget_type=\"text-editor.default\">\n\t\t\t\t<div class=\"elementor-widget-container\">\n\t\t\t\t\t\t\t<p><b><span style=\"color: var( --e-global-color-text ); font-family: var( --e-global-typography-text-font-family ), Sans-serif; font-size: var( --e-global-typography-text-font-size ); font-style: var( --e-global-typography-text-font-style ); letter-spacing: var( --e-global-typography-text-letter-spacing ); text-transform: var( --e-global-typography-text-text-transform ); background-color: var( --e-global-color-da6c30a );\">DM Technology stands out for its in-depth expertise in the ServiceNow platform.\u00a0<\/span>Benefit from DM Technology's profound expertise to fully leverage the advantages of ServiceNow and transform your digitalization project into an undeniable success.<br \/><\/b><br \/>We provide certified and highly skilled consultants to offer tailored consultancy, integration, and training services.<br \/><br \/>Our support allows you to maximize the added value of ServiceNow within your company, whether it's for IT service management, operations management, human ressources management, or any other domain. We are capable of designing customized solutions that cater to the specific needs of your business.<\/p>\t\t\t\t\t\t<\/div>\n\t\t\t\t<\/div>\n\t\t\t\t<div class=\"elementor-element elementor-element-2bcc60d elementor-align-left elementor-hidden-desktop elementor-hidden-tablet elementor-hidden-mobile elementor-invisible elementor-widget elementor-widget-button\" data-id=\"2bcc60d\" data-element_type=\"widget\" data-settings=\"{&quot;_animation&quot;:&quot;fadeInUp&quot;}\" data-widget_type=\"button.default\">\n\t\t\t\t<div class=\"elementor-widget-container\">\n\t\t\t\t\t<div class=\"elementor-button-wrapper\">\n\t\t\t<a class=\"elementor-button elementor-button-link elementor-size-sm\" href=\"#elementor-action%3Aaction%3Dpopup%3Aopen%26settings%3DeyJpZCI6IjQzOSIsInRvZ2dsZSI6ZmFsc2V9\">\n\t\t\t\t\t\t<span class=\"elementor-button-content-wrapper\">\n\t\t\t\t\t\t\t\t\t<span class=\"elementor-button-text\">Learn more<\/span>\n\t\t\t\t\t<\/span>\n\t\t\t\t\t<\/a>\n\t\t<\/div>\n\t\t\t\t<\/div>\n\t\t\t\t<\/div>\n\t\t\t\t\t<\/div>\n\t\t<\/div>\n\t\t\t\t<div class=\"elementor-column elementor-col-50 elementor-inner-column elementor-element elementor-element-1fcf8a4\" data-id=\"1fcf8a4\" data-element_type=\"column\" data-settings=\"{&quot;background_background&quot;:&quot;classic&quot;}\">\n\t\t\t<div class=\"elementor-widget-wrap elementor-element-populated\">\n\t\t\t\t\t\t<div class=\"elementor-element elementor-element-8f4178f elementor-widget elementor-widget-image\" data-id=\"8f4178f\" data-element_type=\"widget\" data-widget_type=\"image.default\">\n\t\t\t\t<div class=\"elementor-widget-container\">\n\t\t\t\t\t\t\t\t\t\t\t\t\t<img fetchpriority=\"high\" decoding=\"async\" width=\"800\" height=\"800\" src=\"https:\/\/www.dmtechnology.fr\/wp-content\/uploads\/2023\/06\/Sans-titre-18_Plan-de-travail-1-copie-1024x1024.png\" class=\"attachment-large size-large wp-image-720\" alt=\"\" srcset=\"https:\/\/www.dmtechnology.fr\/wp-content\/uploads\/2023\/06\/Sans-titre-18_Plan-de-travail-1-copie-1024x1024.png 1024w, https:\/\/www.dmtechnology.fr\/wp-content\/uploads\/2023\/06\/Sans-titre-18_Plan-de-travail-1-copie-300x300.png 300w, https:\/\/www.dmtechnology.fr\/wp-content\/uploads\/2023\/06\/Sans-titre-18_Plan-de-travail-1-copie-150x150.png 150w, https:\/\/www.dmtechnology.fr\/wp-content\/uploads\/2023\/06\/Sans-titre-18_Plan-de-travail-1-copie-768x768.png 768w, https:\/\/www.dmtechnology.fr\/wp-content\/uploads\/2023\/06\/Sans-titre-18_Plan-de-travail-1-copie-1536x1536.png 1536w, https:\/\/www.dmtechnology.fr\/wp-content\/uploads\/2023\/06\/Sans-titre-18_Plan-de-travail-1-copie-2048x2048.png 2048w\" sizes=\"(max-width: 800px) 100vw, 800px\" \/>\t\t\t\t\t\t\t\t\t\t\t\t\t<\/div>\n\t\t\t\t<\/div>\n\t\t\t\t\t<\/div>\n\t\t<\/div>\n\t\t\t\t\t<\/div>\n\t\t<\/section>\n\t\t\t\t<section class=\"elementor-section elementor-inner-section elementor-element elementor-element-ee4f96b elementor-section-boxed elementor-section-height-default elementor-section-height-default\" data-id=\"ee4f96b\" data-element_type=\"section\" id=\"outsystem\">\n\t\t\t\t\t\t<div class=\"elementor-container elementor-column-gap-default\">\n\t\t\t\t\t<div class=\"elementor-column elementor-col-50 elementor-inner-column elementor-element elementor-element-53ce527\" data-id=\"53ce527\" data-element_type=\"column\" data-settings=\"{&quot;background_background&quot;:&quot;classic&quot;}\">\n\t\t\t<div class=\"elementor-widget-wrap elementor-element-populated\">\n\t\t\t\t\t\t<div class=\"elementor-element elementor-element-a6e63ec elementor-widget elementor-widget-image\" data-id=\"a6e63ec\" data-element_type=\"widget\" data-widget_type=\"image.default\">\n\t\t\t\t<div class=\"elementor-widget-container\">\n\t\t\t\t\t\t\t\t\t\t\t\t\t<img decoding=\"async\" width=\"500\" height=\"500\" src=\"https:\/\/www.dmtechnology.fr\/wp-content\/uploads\/2023\/06\/outsestyme-removebg-preview.png\" class=\"attachment-large size-large wp-image-671\" alt=\"\" srcset=\"https:\/\/www.dmtechnology.fr\/wp-content\/uploads\/2023\/06\/outsestyme-removebg-preview.png 500w, https:\/\/www.dmtechnology.fr\/wp-content\/uploads\/2023\/06\/outsestyme-removebg-preview-300x300.png 300w, https:\/\/www.dmtechnology.fr\/wp-content\/uploads\/2023\/06\/outsestyme-removebg-preview-150x150.png 150w\" sizes=\"(max-width: 500px) 100vw, 500px\" \/>\t\t\t\t\t\t\t\t\t\t\t\t\t<\/div>\n\t\t\t\t<\/div>\n\t\t\t\t\t<\/div>\n\t\t<\/div>\n\t\t\t\t<div class=\"elementor-column elementor-col-50 elementor-inner-column elementor-element elementor-element-d26a701\" data-id=\"d26a701\" data-element_type=\"column\">\n\t\t\t<div class=\"elementor-widget-wrap elementor-element-populated\">\n\t\t\t\t\t\t<div class=\"elementor-element elementor-element-92fd898 animated-fast elementor-invisible elementor-widget elementor-widget-heading\" data-id=\"92fd898\" data-element_type=\"widget\" data-settings=\"{&quot;_animation&quot;:&quot;fadeInUp&quot;,&quot;_animation_delay&quot;:100}\" data-widget_type=\"heading.default\">\n\t\t\t\t<div class=\"elementor-widget-container\">\n\t\t\t<h2 class=\"elementor-heading-title elementor-size-default\">Outsystems<\/h2>\t\t<\/div>\n\t\t\t\t<\/div>\n\t\t\t\t<div class=\"elementor-element elementor-element-08f0aa3 animated-fast elementor-invisible elementor-widget elementor-widget-text-editor\" data-id=\"08f0aa3\" data-element_type=\"widget\" data-settings=\"{&quot;_animation&quot;:&quot;fadeInUp&quot;,&quot;_animation_delay&quot;:100}\" data-widget_type=\"text-editor.default\">\n\t\t\t\t<div class=\"elementor-widget-container\">\n\t\t\t\t\t\t\t<p><b>Discover the most comprehensive low-code development platform on the market: with Outsystems, you can dramatically reduce your application backlog and get your web, mobile and chatbot applications to market faster.<\/b><\/p><p>Regardless of the device type, you can easily design data models, operational flows, user interfaces, and interactions. You also have the option to integrate your own code. With OutSystems, unleash your creativity and swiftly and efficiently turn your ideas into reality.<\/p>\t\t\t\t\t\t<\/div>\n\t\t\t\t<\/div>\n\t\t\t\t\t<\/div>\n\t\t<\/div>\n\t\t\t\t\t<\/div>\n\t\t<\/section>\n\t\t\t\t<section class=\"elementor-section elementor-inner-section elementor-element elementor-element-de6a32d elementor-reverse-mobile elementor-section-boxed elementor-section-height-default elementor-section-height-default\" data-id=\"de6a32d\" data-element_type=\"section\" id=\"salesforce\">\n\t\t\t\t\t\t<div class=\"elementor-container elementor-column-gap-default\">\n\t\t\t\t\t<div class=\"elementor-column elementor-col-50 elementor-inner-column elementor-element elementor-element-7488311\" data-id=\"7488311\" data-element_type=\"column\">\n\t\t\t<div class=\"elementor-widget-wrap elementor-element-populated\">\n\t\t\t\t\t\t<div class=\"elementor-element elementor-element-065a84e animated-fast elementor-invisible elementor-widget elementor-widget-heading\" data-id=\"065a84e\" data-element_type=\"widget\" data-settings=\"{&quot;_animation&quot;:&quot;fadeInUp&quot;,&quot;_animation_delay&quot;:100}\" data-widget_type=\"heading.default\">\n\t\t\t\t<div class=\"elementor-widget-container\">\n\t\t\t<h2 class=\"elementor-heading-title elementor-size-default\">SALESFORCE<\/h2>\t\t<\/div>\n\t\t\t\t<\/div>\n\t\t\t\t<div class=\"elementor-element elementor-element-e69149c animated-fast elementor-invisible elementor-widget elementor-widget-text-editor\" data-id=\"e69149c\" data-element_type=\"widget\" data-settings=\"{&quot;_animation&quot;:&quot;fadeInUp&quot;,&quot;_animation_delay&quot;:100}\" data-widget_type=\"text-editor.default\">\n\t\t\t\t<div class=\"elementor-widget-container\">\n\t\t\t\t\t\t\t<p><b>Salesforce brings your business closer to your customers\u2014from prospecting and sales management to deal tracking and business data analysis.&nbsp;<\/b><\/p><p>As the ultimate CRM platform, Salesforce provides a unified and shared view of each client and prospect, enabling all your departments to manage and optimize their experience : elevate your productivity and sales performance with Sales Cloud, create smarter marketing journeys with Marketing Cloud, enhance the buying experience and boost sales with Commerce Cloud, provide personalized and efficient support with Service Cloud, and develop custom applications in just a few clicks with Salesforce Platform.<\/p>\t\t\t\t\t\t<\/div>\n\t\t\t\t<\/div>\n\t\t\t\t\t<\/div>\n\t\t<\/div>\n\t\t\t\t<div class=\"elementor-column elementor-col-50 elementor-inner-column elementor-element elementor-element-37e7ba0\" data-id=\"37e7ba0\" data-element_type=\"column\" data-settings=\"{&quot;background_background&quot;:&quot;classic&quot;}\">\n\t\t\t<div class=\"elementor-widget-wrap elementor-element-populated\">\n\t\t\t\t\t\t<div class=\"elementor-element elementor-element-0413fed elementor-widget elementor-widget-image\" data-id=\"0413fed\" data-element_type=\"widget\" data-widget_type=\"image.default\">\n\t\t\t\t<div class=\"elementor-widget-container\">\n\t\t\t\t\t\t\t\t\t\t\t\t\t<img decoding=\"async\" width=\"500\" height=\"500\" src=\"https:\/\/www.dmtechnology.fr\/wp-content\/uploads\/2023\/06\/salesforce-removebg-preview.png\" class=\"attachment-large size-large wp-image-672\" alt=\"\" srcset=\"https:\/\/www.dmtechnology.fr\/wp-content\/uploads\/2023\/06\/salesforce-removebg-preview.png 500w, https:\/\/www.dmtechnology.fr\/wp-content\/uploads\/2023\/06\/salesforce-removebg-preview-300x300.png 300w, https:\/\/www.dmtechnology.fr\/wp-content\/uploads\/2023\/06\/salesforce-removebg-preview-150x150.png 150w\" sizes=\"(max-width: 500px) 100vw, 500px\" \/>\t\t\t\t\t\t\t\t\t\t\t\t\t<\/div>\n\t\t\t\t<\/div>\n\t\t\t\t\t<\/div>\n\t\t<\/div>\n\t\t\t\t\t<\/div>\n\t\t<\/section>\n\t\t\t\t\t<\/div>\n\t\t<\/div>\n\t\t\t\t\t<\/div>\n\t\t<\/section>\n\t\t\t\t<\/div>","protected":false},"excerpt":{"rendered":"<p>ServiceNow DM Technology se distingue par son expertise approfondie dans la plateforme ServiceNow.\u00a0B\u00e9n\u00e9ficiez de cette expertise pour exploiter pleinement les avantages de ServiceNow et transformer votre projet de digitalisation en une r\u00e9ussite incontestable.Nous mettons \u00e0 votre disposition des\u00a0 consultants certifi\u00e9s et hautement qualifi\u00e9s afin de vous fournir des services de conseil, d&rsquo;int\u00e9gration et de formation [&hellip;]<\/p>","protected":false},"author":1,"featured_media":0,"parent":0,"menu_order":0,"comment_status":"closed","ping_status":"closed","template":"","meta":{"_acf_changed":false,"footnotes":""},"acf":[],"jetpack_sharing_enabled":true,"_links":{"self":[{"href":"https:\/\/www.dmtechnology.fr\/en\/wp-json\/wp\/v2\/pages\/57"}],"collection":[{"href":"https:\/\/www.dmtechnology.fr\/en\/wp-json\/wp\/v2\/pages"}],"about":[{"href":"https:\/\/www.dmtechnology.fr\/en\/wp-json\/wp\/v2\/types\/page"}],"author":[{"embeddable":true,"href":"https:\/\/www.dmtechnology.fr\/en\/wp-json\/wp\/v2\/users\/1"}],"replies":[{"embeddable":true,"href":"https:\/\/www.dmtechnology.fr\/en\/wp-json\/wp\/v2\/comments?post=57"}],"version-history":[{"count":71,"href":"https:\/\/www.dmtechnology.fr\/en\/wp-json\/wp\/v2\/pages\/57\/revisions"}],"predecessor-version":[{"id":758,"href":"https:\/\/www.dmtechnology.fr\/en\/wp-json\/wp\/v2\/pages\/57\/revisions\/758"}],"wp:attachment":[{"href":"https:\/\/www.dmtechnology.fr\/en\/wp-json\/wp\/v2\/media?parent=57"}],"curies":[{"name":"wp","href":"https:\/\/api.w.org\/{rel}","templated":true}]}}